{"id":935,"date":"2022-12-13T10:32:09","date_gmt":"2022-12-13T10:32:09","guid":{"rendered":"https:\/\/www.eletantra.com\/politique-de-confidentialite\/"},"modified":"2024-03-08T01:43:45","modified_gmt":"2024-03-08T01:43:45","slug":"politique-de-confidentialite","status":"publish","type":"page","link":"https:\/\/www.eletantra.com\/fr\/politique-de-confidentialite\/","title":{"rendered":"Politique de Confidentialit\u00e9"},"content":{"rendered":"\n<p>La Politique de \u0421onfidentialit\u00e9 d&rsquo;Ele Tantra<\/p>\n\n<p>Chez Ele Tantra, nous prenons la vie priv\u00e9e et la protection des donn\u00e9es de nos utilisateurs tr\u00e8s au s\u00e9rieux. Cette politique de confidentialit\u00e9 explique comment nous recueillons, utilisons et prot\u00e9geons les informations personnelles que nous recueillons aupr\u00e8s de nos utilisateurs sur notre site web <a href=\"https:\/\/eletantra.com\/\" target=\"_blank\" rel=\"noopener\">https:\/\/eletantra.com\/<\/a> (\u00ab\u00a0Site web\u00a0\u00bb). En acc\u00e9dant et en utilisant notre site web, vous acceptez notre politique de confidentialit\u00e9.<\/p>\n\n<p>Quelles informations personnelles recueillons-nous?<\/p>\n\n<p>Nous recueillons les informations personnelles que vous nous fournissez lorsque vous nous contactez via le formulaire de contact ou par e-mail, ou lorsque vous effectuez une r\u00e9servation via le site web. Les informations personnelles que nous recueillons peuvent inclure votre nom, votre adresse e-mail, votre num\u00e9ro de t\u00e9l\u00e9phone, votre adresse postale et toute autre information que vous nous fournissez.<\/p>\n\n<p>Comment utilisons-nous les informations personnelles que nous recueillons?<\/p>\n\n<p>Nous utilisons les informations personnelles que nous recueillons pour traiter et g\u00e9rer les r\u00e9servations que vous effectuez via le site web, pour r\u00e9pondre \u00e0 vos questions et commentaires, pour envoyer des informations sur nos services et promotions, et pour respecter les obligations l\u00e9gales et r\u00e9glementaires. Nous n&rsquo;utiliserons pas vos informations personnelles \u00e0 des fins de marketing direct sans votre consentement explicite.<\/p>\n\n<p>Comment prot\u00e9geons-nous les informations personnelles que nous recueillons?<\/p>\n\n<p>Nous prenons des mesures raisonnables pour prot\u00e9ger les informations personnelles que nous recueillons aupr\u00e8s de nos utilisateurs contre la perte, l&rsquo;utilisation non autoris\u00e9e, la divulgation ou la modification. Nous utilisons des mesures de s\u00e9curit\u00e9 physiques, techniques et administratives pour prot\u00e9ger les informations personnelles que nous recueillons.<\/p>\n\n<p>Partageons-nous les informations personnelles que nous recueillons?<\/p>\n\n<p>Nous ne partageons pas les informations personnelles que nous recueillons avec des tiers, sauf lorsque cela est n\u00e9cessaire pour traiter et g\u00e9rer les r\u00e9servations que vous effectuez via le site web, ou lorsque nous sommes l\u00e9galement tenus de divulguer les informations.<\/p>\n\n<p>Comment pouvez-vous acc\u00e9der, mettre \u00e0 jour ou supprimer vos informations personnelles?<\/p>\n\n<p>Vous pouvez demander l&rsquo;acc\u00e8s, la mise \u00e0 jour ou la suppression de vos informations personnelles en envoyant un e-mail \u00e0 <a href=\"mailto:eroticmassatge@gmail.com\">eroticmassatge@gmail.com<\/a>. Nous prendrons des mesures raisonnables pour r\u00e9pondre \u00e0 votre demande dans un d\u00e9lai raisonnable.<\/p>\n\n<p>Comment nous contacter?<\/p>\n\n<p>Si vous avez des questions ou des commentaires concernant notre politique de confidentialit\u00e9 ou sur la mani\u00e8re dont nous utilisons les informations personnelles sur notre site web, veuillez nous contacter \u00e0 l&rsquo;adresse <a href=\"mailto:eroticmassatge@gmail.com\">eroticmassatge@gmail.com<\/a>.<\/p>\n\n<p>Mises \u00e0 jour de la politique de confidentialit\u00e9<\/p>\n\n<p>Nous nous r\u00e9servons le droit de mettre \u00e0 jour cette politique de confidentialit\u00e9 \u00e0 tout moment. Veuillez consulter cette page r\u00e9guli\u00e8rement pour \u00eatre inform\u00e9 de tout changement.<\/p>\n","protected":false},"excerpt":{"rendered":"<p>La Politique de \u0421onfidentialit\u00e9 d&rsquo;Ele Tantra Chez Ele Tantra, nous prenons la vie priv\u00e9e et la protection des donn\u00e9es de nos utilisateurs tr\u00e8s au s\u00e9rieux. Cette politique de confidentialit\u00e9 explique comment nous recueillons, utilisons et prot\u00e9geons les informations personnelles que nous recueillons aupr\u00e8s de nos utilisateurs sur notre site web https:\/\/eletantra.com\/ (\u00ab\u00a0Site web\u00a0\u00bb). En acc\u00e9dant [&hellip;]<\/p>\n","protected":false},"author":1,"featured_media":0,"parent":0,"menu_order":0,"comment_status":"closed","ping_status":"closed","template":"elementor_canvas","meta":{"footnotes":""},"class_list":["post-935","page","type-page","status-publish","hentry"],"_links":{"self":[{"href":"https:\/\/www.eletantra.com\/fr\/wp-json\/wp\/v2\/pages\/935","targetHints":{"allow":["GET"]}}],"collection":[{"href":"https:\/\/www.eletantra.com\/fr\/wp-json\/wp\/v2\/pages"}],"about":[{"href":"https:\/\/www.eletantra.com\/fr\/wp-json\/wp\/v2\/types\/page"}],"author":[{"embeddable":true,"href":"https:\/\/www.eletantra.com\/fr\/wp-json\/wp\/v2\/users\/1"}],"replies":[{"embeddable":true,"href":"https:\/\/www.eletantra.com\/fr\/wp-json\/wp\/v2\/comments?post=935"}],"version-history":[{"count":1,"href":"https:\/\/www.eletantra.com\/fr\/wp-json\/wp\/v2\/pages\/935\/revisions"}],"predecessor-version":[{"id":937,"href":"https:\/\/www.eletantra.com\/fr\/wp-json\/wp\/v2\/pages\/935\/revisions\/937"}],"wp:attachment":[{"href":"https:\/\/www.eletantra.com\/fr\/wp-json\/wp\/v2\/media?parent=935"}],"curies":[{"name":"wp","href":"https:\/\/api.w.org\/{rel}","templated":true}]}}