{"id":932,"date":"2023-03-28T12:41:56","date_gmt":"2023-03-28T12:41:56","guid":{"rendered":"https:\/\/www.eletantra.com\/politica-de-cookies\/"},"modified":"2024-03-08T01:36:03","modified_gmt":"2024-03-08T01:36:03","slug":"politica-de-cookies","status":"publish","type":"page","link":"https:\/\/www.eletantra.com\/fr\/politica-de-cookies\/","title":{"rendered":"Pol\u00edtica de cookies"},"content":{"rendered":"\n<p>Politique de Cookies d&rsquo;Ele Tantra<\/p>\n\n<p>Dans Ele Tantra, nous attachons de l&rsquo;importance \u00e0 la vie priv\u00e9e et \u00e0 la protection des donn\u00e9es de nos utilisateurs. Cette politique de cookies explique comment nous utilisons les cookies et des technologies similaires sur notre site web <a href=\"https:\/\/eletantra.com\/\" target=\"_blank\" rel=\"noopener\">https:\/\/eletantra.com\/<\/a> (\u00ab\u00a0Site web\u00a0\u00bb). En acc\u00e9dant et en utilisant notre site web, vous acceptez notre politique de cookies.<\/p>\n\n<p>Que sont les cookies?<\/p>\n\n<p>Les cookies sont de petits fichiers texte qui sont enregistr\u00e9s sur votre ordinateur ou votre appareil mobile lorsque vous visitez un site web. Les cookies sont utilis\u00e9s par de nombreux sites web pour am\u00e9liorer l&rsquo;exp\u00e9rience utilisateur, permettre au site web de fonctionner correctement, fournir des analyses et des statistiques sur l&rsquo;utilisation du site web, ainsi que personnaliser le contenu et la publicit\u00e9.<\/p>\n\n<p>Quel type de cookies utilisons-nous?<\/p>\n\n<p>Nous utilisons nos propres cookies et ceux de tiers sur notre site web \u00e0 diverses fins, notamment:<\/p>\n\n<ul class=\"wp-block-list\">\n<li>Cookies essentielles : ces cookies sont n\u00e9cessaires au fonctionnement du site web et vous permettent de naviguer sur le site web et d&rsquo;utiliser ses fonctionnalit\u00e9s. Sans ces cookies, certaines parties du site web ne fonctionneront pas correctement.<\/li>\n\n\n\n<li>Cookies d&rsquo;analyse : ces cookies nous permettent de recueillir des informations sur la mani\u00e8re dont vous utilisez notre site web, notamment les pages que vous consultez, le temps que vous passez sur le site web et la mani\u00e8re dont vous y \u00eates arriv\u00e9. Nous utilisons ces informations pour am\u00e9liorer notre site web et mieux comprendre comment les utilisateurs interagissent avec notre site web.<\/li>\n\n\n\n<li>Cookies de personnalisation : ces cookies sont utilis\u00e9s pour personnaliser le contenu et la publicit\u00e9 que vous voyez sur notre site web en fonction de votre activit\u00e9 sur le site web et sur d&rsquo;autres sites web que vous avez visit\u00e9s. Ils nous permettent \u00e9galement de m\u00e9moriser vos pr\u00e9f\u00e9rences et param\u00e8tres sur le site web.<\/li>\n<\/ul>\n\n<p>Comment contr\u00f4ler les cookies?<\/p>\n\n<p>Vous pouvez contr\u00f4ler les cookies en utilisant les param\u00e8tres de votre navigateur web. Vous pouvez configurer votre navigateur pour refuser tous les cookies ou pour vous indiquer quand un cookie est utilis\u00e9. Cependant, veuillez noter que certaines parties de notre site web peuvent ne pas fonctionner correctement si vous refusez les cookies.<\/p>\n\n<p>Comment nous contacter?<\/p>\n\n<p>Si vous avez des questions ou des commentaires sur notre politique en mati\u00e8re de cookies ou sur la fa\u00e7on dont nous utilisons les cookies sur notre site web, veuillez nous contacter \u00e0 l&rsquo;adresse <a href=\"mailto:eroticmassatge@gmail.com\">eroticmassatge@gmail.com<\/a>.<\/p>\n\n<p>Mises \u00e0 jour de la politique de cookies<\/p>\n\n<p>Nous nous r\u00e9servons le droit de mettre \u00e0 jour cette politique de cookies \u00e0 tout moment. Veuillez consulter cette page r\u00e9guli\u00e8rement pour \u00eatre inform\u00e9 de tout changement.<\/p>\n","protected":false},"excerpt":{"rendered":"<p>Politique de Cookies d&rsquo;Ele Tantra Dans Ele Tantra, nous attachons de l&rsquo;importance \u00e0 la vie priv\u00e9e et \u00e0 la protection des donn\u00e9es de nos utilisateurs. Cette politique de cookies explique comment nous utilisons les cookies et des technologies similaires sur notre site web https:\/\/eletantra.com\/ (\u00ab\u00a0Site web\u00a0\u00bb). En acc\u00e9dant et en utilisant notre site web, vous [&hellip;]<\/p>\n","protected":false},"author":1,"featured_media":0,"parent":0,"menu_order":0,"comment_status":"closed","ping_status":"closed","template":"elementor_canvas","meta":{"footnotes":""},"class_list":["post-932","page","type-page","status-publish","hentry"],"_links":{"self":[{"href":"https:\/\/www.eletantra.com\/fr\/wp-json\/wp\/v2\/pages\/932","targetHints":{"allow":["GET"]}}],"collection":[{"href":"https:\/\/www.eletantra.com\/fr\/wp-json\/wp\/v2\/pages"}],"about":[{"href":"https:\/\/www.eletantra.com\/fr\/wp-json\/wp\/v2\/types\/page"}],"author":[{"embeddable":true,"href":"https:\/\/www.eletantra.com\/fr\/wp-json\/wp\/v2\/users\/1"}],"replies":[{"embeddable":true,"href":"https:\/\/www.eletantra.com\/fr\/wp-json\/wp\/v2\/comments?post=932"}],"version-history":[{"count":1,"href":"https:\/\/www.eletantra.com\/fr\/wp-json\/wp\/v2\/pages\/932\/revisions"}],"predecessor-version":[{"id":934,"href":"https:\/\/www.eletantra.com\/fr\/wp-json\/wp\/v2\/pages\/932\/revisions\/934"}],"wp:attachment":[{"href":"https:\/\/www.eletantra.com\/fr\/wp-json\/wp\/v2\/media?parent=932"}],"curies":[{"name":"wp","href":"https:\/\/api.w.org\/{rel}","templated":true}]}}